{"id":3491,"date":"2022-02-10T16:23:18","date_gmt":"2022-02-10T16:23:18","guid":{"rendered":"https:\/\/digitalye.com\/not-found\/"},"modified":"2022-02-10T16:23:18","modified_gmt":"2022-02-10T16:23:18","slug":"nie-znaleziono","status":"publish","type":"page","link":"https:\/\/digitalye.com\/pl\/nie-znaleziono\/","title":{"rendered":"Nie znaleziono"},"content":{"rendered":"<div data-elementor-type=\"wp-page\" data-elementor-id=\"3491\" class=\"elementor elementor-3491\" data-elementor-post-type=\"page\">\n\t\t\t\t\t\t<section class=\"elementor-section elementor-top-section elementor-element elementor-element-76a82d4d elementor-section-height-full elementor-section-boxed elementor-section-height-default elementor-section-items-middle\" data-id=\"76a82d4d\" data-element_type=\"section\" data-e-type=\"section\" data-settings=\"{&quot;background_background&quot;:&quot;gradient&quot;}\">\n\t\t\t\t\t\t\t<div class=\"elementor-background-overlay\"><\/div>\n\t\t\t\t\t\t\t<div class=\"elementor-container elementor-column-gap-default\">\n\t\t\t\t\t<div class=\"elementor-column elementor-col-100 elementor-top-column elementor-element elementor-element-6abc01b4\" data-id=\"6abc01b4\" data-element_type=\"column\" data-e-type=\"column\">\n\t\t\t<div class=\"elementor-widget-wrap elementor-element-populated\">\n\t\t\t\t\t\t<section class=\"elementor-section elementor-inner-section elementor-element elementor-element-540b1947 elementor-section-boxed elementor-section-height-default elementor-section-height-default\" data-id=\"540b1947\" data-element_type=\"section\" data-e-type=\"section\">\n\t\t\t\t\t\t<div class=\"elementor-container elementor-column-gap-default\">\n\t\t\t\t\t<div class=\"elementor-column elementor-col-33 elementor-inner-column elementor-element elementor-element-c1a6417 elementor-hidden-tablet elementor-hidden-mobile\" data-id=\"c1a6417\" data-element_type=\"column\" data-e-type=\"column\">\n\t\t\t<div class=\"elementor-widget-wrap\">\n\t\t\t\t\t\t\t<\/div>\n\t\t<\/div>\n\t\t\t\t<div class=\"elementor-column elementor-col-33 elementor-inner-column elementor-element elementor-element-5182ff52\" data-id=\"5182ff52\" data-element_type=\"column\" data-e-type=\"column\">\n\t\t\t<div class=\"elementor-widget-wrap elementor-element-populated\">\n\t\t\t\t\t\t<div class=\"elementor-element elementor-element-102b4ef1 animated-fast elementor-invisible elementor-widget elementor-widget-image\" data-id=\"102b4ef1\" data-element_type=\"widget\" data-e-type=\"widget\" data-settings=\"{&quot;_animation&quot;:&quot;fadeInUp&quot;}\" data-widget_type=\"image.default\">\n\t\t\t\t<div class=\"elementor-widget-container\">\n\t\t\t\t\t\t\t\t\t\t\t\t\t\t\t<img fetchpriority=\"high\" decoding=\"async\" width=\"801\" height=\"801\" src=\"https:\/\/digitalye.com\/wp-content\/uploads\/2022\/07\/error-404.webp\" class=\"attachment-full size-full wp-image-3489\" alt=\"\" srcset=\"https:\/\/digitalye.com\/wp-content\/uploads\/2022\/07\/error-404.webp 801w, https:\/\/digitalye.com\/wp-content\/uploads\/2022\/07\/error-404-300x300.webp 300w, https:\/\/digitalye.com\/wp-content\/uploads\/2022\/07\/error-404-150x150.webp 150w, https:\/\/digitalye.com\/wp-content\/uploads\/2022\/07\/error-404-768x768.webp 768w, https:\/\/digitalye.com\/wp-content\/uploads\/2022\/07\/error-404-650x650.webp 650w, https:\/\/digitalye.com\/wp-content\/uploads\/2022\/07\/error-404-600x600.webp 600w, https:\/\/digitalye.com\/wp-content\/uploads\/2022\/07\/error-404-100x100.webp 100w\" sizes=\"(max-width: 801px) 100vw, 801px\" \/>\t\t\t\t\t\t\t\t\t\t\t\t\t\t\t<\/div>\n\t\t\t\t<\/div>\n\t\t\t\t<div class=\"elementor-element elementor-element-67f79a0f elementor-invisible elementor-widget elementor-widget-heading\" data-id=\"67f79a0f\" data-element_type=\"widget\" data-e-type=\"widget\" data-settings=\"{&quot;_animation&quot;:&quot;fadeInDown&quot;,&quot;_animation_delay&quot;:200}\" data-widget_type=\"heading.default\">\n\t\t\t\t<div class=\"elementor-widget-container\">\n\t\t\t\t\t<h2 class=\"elementor-heading-title elementor-size-default\">Strona, kt\u00f3rej szukasz, nie zosta\u0142a znaleziona!<\/h2>\t\t\t\t<\/div>\n\t\t\t\t<\/div>\n\t\t\t\t<div class=\"elementor-element elementor-element-45f7f5a8 animated-fast elementor-widget-divider--view-line elementor-invisible elementor-widget elementor-widget-divider\" data-id=\"45f7f5a8\" data-element_type=\"widget\" data-e-type=\"widget\" data-settings=\"{&quot;_animation&quot;:&quot;fadeInDown&quot;,&quot;_animation_delay&quot;:400}\" data-widget_type=\"divider.default\">\n\t\t\t\t<div class=\"elementor-widget-container\">\n\t\t\t\t\t\t\t<div class=\"elementor-divider\">\n\t\t\t<span class=\"elementor-divider-separator\">\n\t\t\t\t\t\t<\/span>\n\t\t<\/div>\n\t\t\t\t\t\t<\/div>\n\t\t\t\t<\/div>\n\t\t\t\t<div class=\"elementor-element elementor-element-3830212 elementor-align-center animated-fast elementor-invisible elementor-widget elementor-widget-button\" data-id=\"3830212\" data-element_type=\"widget\" data-e-type=\"widget\" data-settings=\"{&quot;_animation&quot;:&quot;fadeInDown&quot;,&quot;_animation_delay&quot;:600}\" data-widget_type=\"button.default\">\n\t\t\t\t<div class=\"elementor-widget-container\">\n\t\t\t\t\t\t\t\t\t<div class=\"elementor-button-wrapper\">\n\t\t\t\t\t<a class=\"elementor-button elementor-button-link elementor-size-sm\" href=\"#\">\n\t\t\t\t\t\t<span class=\"elementor-button-content-wrapper\">\n\t\t\t\t\t\t\t\t\t<span class=\"elementor-button-text\">Powr\u00f3t do strony g\u0142\u00f3wnej<\/span>\n\t\t\t\t\t<\/span>\n\t\t\t\t\t<\/a>\n\t\t\t\t<\/div>\n\t\t\t\t\t\t\t\t<\/div>\n\t\t\t\t<\/div>\n\t\t\t\t\t<\/div>\n\t\t<\/div>\n\t\t\t\t<div class=\"elementor-column elementor-col-33 elementor-inner-column elementor-element elementor-element-539844ee elementor-hidden-tablet elementor-hidden-mobile\" data-id=\"539844ee\" data-element_type=\"column\" data-e-type=\"column\">\n\t\t\t<div class=\"elementor-widget-wrap\">\n\t\t\t\t\t\t\t<\/div>\n\t\t<\/div>\n\t\t\t\t\t<\/div>\n\t\t<\/section>\n\t\t\t\t\t<\/div>\n\t\t<\/div>\n\t\t\t\t\t<\/div>\n\t\t<\/section>\n\t\t\t\t<\/div>","protected":false},"excerpt":{"rendered":"<p>The page you&#8217;re looking for cannot be found! Back to Homepage<\/p>","protected":false},"author":5,"featured_media":0,"parent":0,"menu_order":0,"comment_status":"closed","ping_status":"closed","template":"","meta":{"footnotes":""},"class_list":["post-3491","page","type-page","status-publish","hentry"],"_links":{"self":[{"href":"https:\/\/digitalye.com\/pl\/wp-json\/wp\/v2\/pages\/3491","targetHints":{"allow":["GET"]}}],"collection":[{"href":"https:\/\/digitalye.com\/pl\/wp-json\/wp\/v2\/pages"}],"about":[{"href":"https:\/\/digitalye.com\/pl\/wp-json\/wp\/v2\/types\/page"}],"author":[{"embeddable":true,"href":"https:\/\/digitalye.com\/pl\/wp-json\/wp\/v2\/users\/5"}],"replies":[{"embeddable":true,"href":"https:\/\/digitalye.com\/pl\/wp-json\/wp\/v2\/comments?post=3491"}],"version-history":[{"count":0,"href":"https:\/\/digitalye.com\/pl\/wp-json\/wp\/v2\/pages\/3491\/revisions"}],"wp:attachment":[{"href":"https:\/\/digitalye.com\/pl\/wp-json\/wp\/v2\/media?parent=3491"}],"curies":[{"name":"wp","href":"https:\/\/api.w.org\/{rel}","templated":true}]}}